{"id":57,"date":"2024-02-22T16:06:36","date_gmt":"2024-02-22T15:06:36","guid":{"rendered":"https:\/\/www.penet-cnrs.fr\/?page_id=57"},"modified":"2026-04-12T10:50:55","modified_gmt":"2026-04-12T08:50:55","slug":"contact","status":"publish","type":"page","link":"https:\/\/www.penet-cnrs.fr\/index.php\/contact\/","title":{"rendered":"Projets"},"content":{"rendered":"[vc_row type=\u00a0\u00bbin_container\u00a0\u00bb full_screen_row_position=\u00a0\u00bbmiddle\u00a0\u00bb column_margin=\u00a0\u00bbdefault\u00a0\u00bb column_direction=\u00a0\u00bbdefault\u00a0\u00bb column_direction_tablet=\u00a0\u00bbdefault\u00a0\u00bb column_direction_phone=\u00a0\u00bbdefault\u00a0\u00bb scene_position=\u00a0\u00bbcenter\u00a0\u00bb text_color=\u00a0\u00bbdark\u00a0\u00bb text_align=\u00a0\u00bbleft\u00a0\u00bb row_border_radius=\u00a0\u00bbnone\u00a0\u00bb row_border_radius_applies=\u00a0\u00bbbg\u00a0\u00bb overflow=\u00a0\u00bbvisible\u00a0\u00bb overlay_strength=\u00a0\u00bb0.3&Prime; gradient_direction=\u00a0\u00bbleft_to_right\u00a0\u00bb shape_divider_position=\u00a0\u00bbbottom\u00a0\u00bb bg_image_animation=\u00a0\u00bbnone\u00a0\u00bb][vc_column column_padding=\u00a0\u00bbno-extra-padding\u00a0\u00bb column_padding_tablet=\u00a0\u00bbinherit\u00a0\u00bb column_padding_phone=\u00a0\u00bbinherit\u00a0\u00bb column_padding_position=\u00a0\u00bball\u00a0\u00bb column_element_direction_desktop=\u00a0\u00bbdefault\u00a0\u00bb column_element_spacing=\u00a0\u00bbdefault\u00a0\u00bb desktop_text_alignment=\u00a0\u00bbdefault\u00a0\u00bb tablet_text_alignment=\u00a0\u00bbdefault\u00a0\u00bb phone_text_alignment=\u00a0\u00bbdefault\u00a0\u00bb background_color_opacity=\u00a0\u00bb1&Prime; background_hover_color_opacity=\u00a0\u00bb1&Prime; column_backdrop_filter=\u00a0\u00bbnone\u00a0\u00bb column_shadow=\u00a0\u00bbnone\u00a0\u00bb column_border_radius=\u00a0\u00bbnone\u00a0\u00bb column_link_target=\u00a0\u00bb_self\u00a0\u00bb column_position=\u00a0\u00bbdefault\u00a0\u00bb gradient_direction=\u00a0\u00bbleft_to_right\u00a0\u00bb overlay_strength=\u00a0\u00bb0.3&Prime; width=\u00a0\u00bb1\/1&Prime; tablet_width_inherit=\u00a0\u00bbdefault\u00a0\u00bb animation_type=\u00a0\u00bbdefault\u00a0\u00bb bg_image_animation=\u00a0\u00bbnone\u00a0\u00bb border_type=\u00a0\u00bbsimple\u00a0\u00bb column_border_width=\u00a0\u00bbnone\u00a0\u00bb column_border_style=\u00a0\u00bbsolid\u00a0\u00bb][vc_column_text]2026 &#8212; Conception et animation du projet <strong>COROM<\/strong> avec Patrick Hassenteufel (UVSQ) et Renaud Epstein (Sciences Po Saint-Germain-en-Laye). Ce projet propose une enqu\u00eate sur les contrats de redressement Outre-mer (COROM), un dispositif mis en place par l\u2019\u00c9tat depuis 2021 pour accompagner les collectivit\u00e9s ultramarines en situation de grave d\u00e9s\u00e9quilibre budg\u00e9taire. Le projet analyse les effets politiques, administratifs et sociaux de ces contrats autour de trois enjeux principaux : la recomposition des rapports entre \u00c9tat et collectivit\u00e9s autour d\u2019un mode de r\u00e9gulation fond\u00e9 sur la contractualisation ; les ambivalences de la contractualisation, \u00e0 la fois outil disciplinaire et dispositif d\u2019accompagnement ; et la pluralit\u00e9 des formes de d\u00e9sendettement mises en \u0153uvre.<\/p>\n<p>2020-24 Participation \u00e0 l\u2019<strong>ANR DESORBERCY<\/strong> dirig\u00e9e par Philippe Zittoun (ENTPE), Patrick Hassenteufel (USVQ), Caroline Vincensini et Fr\u00e9d\u00e9ric Lebaron (ENS Paris Saclay). L\u2019objectif de ce projet qui incluait \u00e9galement Rafa\u00ebl Cos (Universit\u00e9 de Bordeaux), Sarah Kolopp (Paris 1 Panth\u00e9on Sorbonne) et Ulrike Lepont (Sciences Po Paris) \u00e9tait de comprendre le processus de fabrique des innovations que connaissent les politiques publiques dans des situations d\u2019incompr\u00e9hension et d\u2019incertitude majeures.<\/p>\n<p>2019-24 Conception et animation du projet <strong>Proph\u00e8tes de la finance<\/strong> sur les dynamiques y proph\u00e9tiques en \u00e9conomie, qui a d\u00e9bouch\u00e9 sur plusieurs publications dont un ouvrage en cours d\u2019\u00e9criture pour les <em>\u00c9ditions du Croquant<\/em>.<\/p>\n<p>2016-22 Coordination du projet suisse <strong>SOVDEBTDIPLO<\/strong> (Sovereign Debt Diplomacies) co-\u00e9crit avec Juan Flores, financ\u00e9 par le Fonds National Suisse de la Recherche Scientifique et h\u00e9berg\u00e9 \u00e0 l\u2019universit\u00e9 de Gen\u00e8ve. Ce projet qui proposait de r\u00e9examiner la signification de la dette souveraine au regard de l\u2019histoire coloniale et des \u00e9volutions postcoloniales a d\u00e9bouch\u00e9 sur un ouvrage collectif publi\u00e9 \u00e0 Oxford University Press coordonn\u00e9 par moi-m\u00eame et Juan Flores Zendejas.<\/p>\n<p>2015-17 Participation aux activit\u00e9s de <strong>IPSP<\/strong> (International Panel on Social Progress), collectif international bas\u00e9 \u00e0 Princeton University et au Coll\u00e8ge d\u2019\u00e9tudes mondiales (Paris) et qui regroupe des chercheurs sp\u00e9cialis\u00e9s sur les questions de gouvernance internationale. Ce projet a d\u00e9bouch\u00e9 sur la publication d\u2019un ouvrage collectif \u00e0 Cambridge University Press. J\u2019ai particip\u00e9 \u00e0 l\u2019\u00e9criture du chapitre consacr\u00e9 \u00e0 la r\u00e9gulation \u00e9conomique.<\/p>\n<p>2014-15 Coordination du projet Marie Curie europ\u00e9en <strong>MACROHIST<\/strong>\u00a0(Macroeconomics and Financial History) bas\u00e9 \u00e0 Gen\u00e8ve (IHEID) centr\u00e9 sur l\u2019\u00e9tude historiques des dynamiques du capitalisme. Le r\u00e9seau a regroup\u00e9 une dizaine de chercheurs et une quinzaine de doctorants de six universit\u00e9s europ\u00e9ennes\u00a0: Humboldt University (Berlin), London School of Economics, Oxford University, IEP Paris, Universidad Carlos III (Madrid) et Universit\u00e9 Libre de Bruxelles.[\/vc_column_text][\/vc_column][\/vc_row]\n","protected":false},"excerpt":{"rendered":"<p>[vc_row type=\u00a0\u00bbin_container\u00a0\u00bb full_screen_row_position=\u00a0\u00bbmiddle\u00a0\u00bb column_margin=\u00a0\u00bbdefault\u00a0\u00bb column_direction=\u00a0\u00bbdefault\u00a0\u00bb column_direction_tablet=\u00a0\u00bbdefault\u00a0\u00bb column_direction_phone=\u00a0\u00bbdefault\u00a0\u00bb scene_position=\u00a0\u00bbcenter\u00a0\u00bb text_color=\u00a0\u00bbdark\u00a0\u00bb text_align=\u00a0\u00bbleft\u00a0\u00bb row_border_radius=\u00a0\u00bbnone\u00a0\u00bb row_border_radius_applies=\u00a0\u00bbbg\u00a0\u00bb overflow=\u00a0\u00bbvisible\u00a0\u00bb overlay_strength=\u00a0\u00bb0.3&Prime; gradient_direction=\u00a0\u00bbleft_to_right\u00a0\u00bb shape_divider_position=\u00a0\u00bbbottom\u00a0\u00bb bg_image_animation=\u00a0\u00bbnone\u00a0\u00bb][vc_column column_padding=\u00a0\u00bbno-extra-padding\u00a0\u00bb column_padding_tablet=\u00a0\u00bbinherit\u00a0\u00bb column_padding_phone=\u00a0\u00bbinherit\u00a0\u00bb column_padding_position=\u00a0\u00bball\u00a0\u00bb column_element_direction_desktop=\u00a0\u00bbdefault\u00a0\u00bb column_element_spacing=\u00a0\u00bbdefault\u00a0\u00bb desktop_text_alignment=\u00a0\u00bbdefault\u00a0\u00bb tablet_text_alignment=\u00a0\u00bbdefault\u00a0\u00bb phone_text_alignment=\u00a0\u00bbdefault\u00a0\u00bb background_color_opacity=\u00a0\u00bb1&Prime; background_hover_color_opacity=\u00a0\u00bb1&Prime; column_backdrop_filter=\u00a0\u00bbnone\u00a0\u00bb column_shadow=\u00a0\u00bbnone\u00a0\u00bb&#8230;<\/p>\n","protected":false},"author":1,"featured_media":0,"parent":0,"menu_order":0,"comment_status":"closed","ping_status":"closed","template":"","meta":{"_crdt_document":"","footnotes":""},"class_list":["post-57","page","type-page","status-publish"],"_links":{"self":[{"href":"https:\/\/www.penet-cnrs.fr\/index.php\/wp-json\/wp\/v2\/pages\/57","targetHints":{"allow":["GET"]}}],"collection":[{"href":"https:\/\/www.penet-cnrs.fr\/index.php\/wp-json\/wp\/v2\/pages"}],"about":[{"href":"https:\/\/www.penet-cnrs.fr\/index.php\/wp-json\/wp\/v2\/types\/page"}],"author":[{"embeddable":true,"href":"https:\/\/www.penet-cnrs.fr\/index.php\/wp-json\/wp\/v2\/users\/1"}],"replies":[{"embeddable":true,"href":"https:\/\/www.penet-cnrs.fr\/index.php\/wp-json\/wp\/v2\/comments?post=57"}],"version-history":[{"count":11,"href":"https:\/\/www.penet-cnrs.fr\/index.php\/wp-json\/wp\/v2\/pages\/57\/revisions"}],"predecessor-version":[{"id":149,"href":"https:\/\/www.penet-cnrs.fr\/index.php\/wp-json\/wp\/v2\/pages\/57\/revisions\/149"}],"wp:attachment":[{"href":"https:\/\/www.penet-cnrs.fr\/index.php\/wp-json\/wp\/v2\/media?parent=57"}],"curies":[{"name":"wp","href":"https:\/\/api.w.org\/{rel}","templated":true}]}}