{"id":47,"date":"2024-02-22T16:00:31","date_gmt":"2024-02-22T15:00:31","guid":{"rendered":"https:\/\/www.penet-cnrs.fr\/?page_id=47"},"modified":"2026-04-12T10:37:22","modified_gmt":"2026-04-12T08:37:22","slug":"responsabilites-et-encadrements","status":"publish","type":"page","link":"https:\/\/www.penet-cnrs.fr\/index.php\/responsabilites-et-encadrements\/","title":{"rendered":"Responsabilit\u00e9s et encadrements"},"content":{"rendered":"[vc_row type=\u00a0\u00bbin_container\u00a0\u00bb full_screen_row_position=\u00a0\u00bbmiddle\u00a0\u00bb column_margin=\u00a0\u00bbdefault\u00a0\u00bb column_direction=\u00a0\u00bbdefault\u00a0\u00bb column_direction_tablet=\u00a0\u00bbdefault\u00a0\u00bb column_direction_phone=\u00a0\u00bbdefault\u00a0\u00bb scene_position=\u00a0\u00bbcenter\u00a0\u00bb text_color=\u00a0\u00bbdark\u00a0\u00bb text_align=\u00a0\u00bbleft\u00a0\u00bb row_border_radius=\u00a0\u00bbnone\u00a0\u00bb row_border_radius_applies=\u00a0\u00bbbg\u00a0\u00bb overflow=\u00a0\u00bbvisible\u00a0\u00bb overlay_strength=\u00a0\u00bb0.3&Prime; gradient_direction=\u00a0\u00bbleft_to_right\u00a0\u00bb shape_divider_position=\u00a0\u00bbbottom\u00a0\u00bb bg_image_animation=\u00a0\u00bbnone\u00a0\u00bb][vc_column column_padding=\u00a0\u00bbno-extra-padding\u00a0\u00bb column_padding_tablet=\u00a0\u00bbinherit\u00a0\u00bb column_padding_phone=\u00a0\u00bbinherit\u00a0\u00bb column_padding_position=\u00a0\u00bball\u00a0\u00bb column_element_direction_desktop=\u00a0\u00bbdefault\u00a0\u00bb column_element_spacing=\u00a0\u00bbdefault\u00a0\u00bb desktop_text_alignment=\u00a0\u00bbdefault\u00a0\u00bb tablet_text_alignment=\u00a0\u00bbdefault\u00a0\u00bb phone_text_alignment=\u00a0\u00bbdefault\u00a0\u00bb background_color_opacity=\u00a0\u00bb1&Prime; background_hover_color_opacity=\u00a0\u00bb1&Prime; column_backdrop_filter=\u00a0\u00bbnone\u00a0\u00bb column_shadow=\u00a0\u00bbnone\u00a0\u00bb column_border_radius=\u00a0\u00bbnone\u00a0\u00bb column_link_target=\u00a0\u00bb_self\u00a0\u00bb column_position=\u00a0\u00bbdefault\u00a0\u00bb gradient_direction=\u00a0\u00bbleft_to_right\u00a0\u00bb overlay_strength=\u00a0\u00bb0.3&Prime; width=\u00a0\u00bb1\/1&Prime; tablet_width_inherit=\u00a0\u00bbdefault\u00a0\u00bb animation_type=\u00a0\u00bbdefault\u00a0\u00bb bg_image_animation=\u00a0\u00bbnone\u00a0\u00bb border_type=\u00a0\u00bbsimple\u00a0\u00bb column_border_width=\u00a0\u00bbnone\u00a0\u00bb column_border_style=\u00a0\u00bbsolid\u00a0\u00bb][vc_column_text]RESPONSABILIT\u00c9S<\/p>\n<p><strong>Responsabilit\u00e9s administratives<\/strong><\/p>\n<ul>\n<li>Responsable du Master 2 \u00c9conomie, organisations et soci\u00e9t\u00e9 (EOS), ENS Paris-Saclay<\/li>\n<li>Membre du conseil de la Graduate School Sociologie et Science Politique, Universit\u00e9 Paris-Saclay<\/li>\n<\/ul>\n<p><strong>Responsabilit\u00e9s \u00e9ditoriales<\/strong><\/p>\n<ul>\n<li>Comit\u00e9 de r\u00e9daction de la revue <em>Savoir \/ Agir<\/em><\/li>\n<li>Co-directeur de la collection Dynamiques socio\u00e9conomiques, \u00e9ditions du Croquant (avec Ana Perrin-Heredia et Andy Smith)<\/li>\n<\/ul>\n<p>&nbsp;<\/p>\n<p>ENCADREMENTS<\/p>\n<p><strong>Direction de th\u00e8se<\/strong><\/p>\n<ul>\n<li>2024 &#8212; Victor Devisme, <em>Apprendre \u00e0 donner. Socialisations philanthropiques des \u00e9lites et in\u00e9galit\u00e9s scolaires<\/em>. Cotutelle avec la New School of Social Research, New York (directrice am\u00e9ricaine : Rachel Sherman)<\/li>\n<\/ul>\n<p><strong>Comit\u00e9s de suivi de th\u00e8se<\/strong><\/p>\n<ul>\n<li>Alex Amiotte Suchet, ENS Paris-Saclay<\/li>\n<li>Antoine Costes, Universit\u00e9 Paris-Nanterre<\/li>\n<li>Valentine Floriani, ENS Paris-Saclay<\/li>\n<li>Mona Garrel, ENS Paris-Saclay<\/li>\n<li>Pedro Grunewald Louro, ENS Paris-Saclay et Universit\u00e9 Sao Paolo<\/li>\n<li>Brice Le Gall, ENS Paris-Saclay et Paris 1 Panth\u00e9on Sorbonne<\/li>\n<\/ul>\n<p><strong>Encadrements de m\u00e9moires de master \u00c9conomie organisations et soci\u00e9t\u00e9s (EOS), ENS Paris-Saclay<\/strong><\/p>\n<ul>\n<li>2024 Thomas Loussouarn (M2), <em>The Nature of Debt. Debt-for-Nature Swaps and Unrealized Potential for Burdened Nations<\/em>. Jur\u00e9e\u00a0: Stephanie Blankenburg<\/li>\n<li>2024 Salom\u00e9 Rio (M2), <em>Le S\u00e9nat Fran\u00e7ais, une assembl\u00e9e qui r\u00e9invente sa l\u00e9gitimit\u00e9. Analyse du recours croissant aux commissions d\u2019enqu\u00eates parlementaires<\/em>. Jur\u00e9 : S\u00e9bastien Michon<\/li>\n<li>2024 Martin Mauriat (M1), <em>La p\u00e9rennit\u00e9 de l\u2019exception culturelle fran\u00e7aise face aux \u00e9volutions d\u2019un secteur inqui\u00e9t\u00e9 par le d\u00e9veloppement des SMAD<\/em>. Jur\u00e9e : Laure de Verdalle<\/li>\n<li>2024 Marianne Le Chevalier (M2), <em>Comment les petits pays gagnent-ils des m\u00e9dailles aux Jeux olympiques ? Une analyse des facteurs institutionnels impliqu\u00e9s dans la r\u00e9ussite sportive bas\u00e9e sur les cas du Danemark, du Kenya et de la Jama\u00efque<\/em>. Jur\u00e9e\u00a0: Caroline Vincensini<\/li>\n<li>2024 Gauthier Davy (M2), <em>La recherche d\u2019efficacit\u00e9 au sein des institutions publiques : vers un renouveau du New Public Management ? \u00c9tude de cas sur le Service de la transformation de la Gendarmerie nationale<\/em>. Jur\u00e9\u00a0: Tommaso Pardi<\/li>\n<li>2023 Sarah Ezziani (M1), <em>Violences \u00e9conomiques : quand les co\u00fbts blessent. Gen\u00e8se et usages d\u2019un terme en qu\u00eate de reconnaissance en tant que probl\u00e8me public<\/em>. Jur\u00e9e : C\u00e9line Bessi\u00e8re<\/li>\n<li>2023 Lucie Kiremidjian (M2), <em>Les interm\u00e9diaires de la philanthropie. Orientation des dons et autonomisation du champ<\/em>. Jur\u00e9e\u00a0: Caroline Vincensini<\/li>\n<li>2023 Sacha Kniaz (M1), <em>Rel\u00e9gu\u00e9 mais pas hors-jeu : une analyse institutionnaliste des enjeux \u00e9conomiques de la rel\u00e9gation en National 1<\/em>. Jur\u00e9 : J\u00e9r\u00e9mie Bastien<\/li>\n<li>2023 Mathilde Martin (M1), <em>Le psychiatre, la TikTokeuse et le diagnostic : Faire conna\u00eetre l\u2019autisme sur le r\u00e9seau social TikTok<\/em>. Jur\u00e9e\u00a0: Marion Michel<\/li>\n<li>2023 Ad\u00e8le Topilin (M2), <em>Les cons\u00e9quences des politiques et des discours politiques sur l\u2019accessibilit\u00e9 \u00e0 l\u2019IVG en France<\/em>. Jur\u00e9e : Eliza Benites Gambirazio<\/li>\n<\/ul>\n[\/vc_column_text][\/vc_column][\/vc_row]\n","protected":false},"excerpt":{"rendered":"<p>[vc_row type=\u00a0\u00bbin_container\u00a0\u00bb full_screen_row_position=\u00a0\u00bbmiddle\u00a0\u00bb column_margin=\u00a0\u00bbdefault\u00a0\u00bb column_direction=\u00a0\u00bbdefault\u00a0\u00bb column_direction_tablet=\u00a0\u00bbdefault\u00a0\u00bb column_direction_phone=\u00a0\u00bbdefault\u00a0\u00bb scene_position=\u00a0\u00bbcenter\u00a0\u00bb text_color=\u00a0\u00bbdark\u00a0\u00bb text_align=\u00a0\u00bbleft\u00a0\u00bb row_border_radius=\u00a0\u00bbnone\u00a0\u00bb row_border_radius_applies=\u00a0\u00bbbg\u00a0\u00bb overflow=\u00a0\u00bbvisible\u00a0\u00bb overlay_strength=\u00a0\u00bb0.3&Prime; gradient_direction=\u00a0\u00bbleft_to_right\u00a0\u00bb shape_divider_position=\u00a0\u00bbbottom\u00a0\u00bb bg_image_animation=\u00a0\u00bbnone\u00a0\u00bb][vc_column column_padding=\u00a0\u00bbno-extra-padding\u00a0\u00bb column_padding_tablet=\u00a0\u00bbinherit\u00a0\u00bb column_padding_phone=\u00a0\u00bbinherit\u00a0\u00bb column_padding_position=\u00a0\u00bball\u00a0\u00bb column_element_direction_desktop=\u00a0\u00bbdefault\u00a0\u00bb column_element_spacing=\u00a0\u00bbdefault\u00a0\u00bb desktop_text_alignment=\u00a0\u00bbdefault\u00a0\u00bb tablet_text_alignment=\u00a0\u00bbdefault\u00a0\u00bb phone_text_alignment=\u00a0\u00bbdefault\u00a0\u00bb background_color_opacity=\u00a0\u00bb1&Prime; background_hover_color_opacity=\u00a0\u00bb1&Prime; column_backdrop_filter=\u00a0\u00bbnone\u00a0\u00bb column_shadow=\u00a0\u00bbnone\u00a0\u00bb&#8230;<\/p>\n","protected":false},"author":1,"featured_media":0,"parent":0,"menu_order":0,"comment_status":"closed","ping_status":"closed","template":"","meta":{"_crdt_document":"{\"document\":\"AAAfsuLEmxyX6\/KfG923hf8XWqGuzfIQgJmBow2Uk7jrBHAIgAEeAwGiAQIKArACApgDAgwCmgECCgKEAgKGBAIMAg4DARoDAYgBAgoCjAcCDAKWAQIKApYCApACAqABAqIBAogBAgwCrAMCCgKQBQKSBgKEBgKCCQK4BwKWBgKMBQKYBQKYBQKOBQIaBAIBAgpKAMUBKAAhASgCJwAEACcABACBAIQAgQCEAIEAhACBAIQAgQCEAIEAhACBAIQAgQCEAIEAhACBAIQAgQCEAIEAhACBAIQAgQCEAIEAhACBAIQAgQCEAIEAhACBAIQAgQCEAIEAhACBAIQAgQCEAIEAhACBAIQAgQCEAIEAhACBAIQAgQCEAIEAhACBAIQAgQCEAIEAhACBAIQAgQCEAIEAhACBAIQAgQCEAIEAhACBAIQAJwAoBCcAKAAnAAcAKAMnACgAJwAhAiirHr0dc3RhdGV2ZXJzaW9uc3RhdGV2ZXJzaW9uc3RhdGV2ZXJzaW9uZG9jdW1lbnRkYXRlZG9jdW1lbnRzbHVnZG9jdW1lbnRzdGF0dXNkb2N1bWVudHRpdGxlUmVzcG9uc2FiaWxpdMOpcyBldCBlbmNhZHJlbWVudHNkb2N1bWVudGNvbnRlbnRSRVNQT05TQUJJTElUw4lTCgo8c3Ryb25nPlJlc3BvbnNhYmlsaXTDqXMgYWRtaW5pc3RyYXRpdmVzPC9zdHJvbmc+Cjx1bD4KIAk8bGk+UmVzcG9uc2FibGUgZHUgTTIgRWNvbm9taWUsIG9yZ2FuaXNhdGlvbnMgZXQgc29jacOpdMOpIChFT1MpLCBFTlMgUGFyaXMtU2FjbGF5PC9saT4KIAk8bGk+TWVtYnJlIGR1IGNvbnNlaWwgZGUgbGEgR3JhZHVhdGUgU2Nob29sIFNvY2lvbG9naWUgZXQgU2NpZW5jZSBQb2xpdGlxdWUsIFVuaXZlcnNpdMOpIFBhcmlzLVNhY2xheTwvbGk+CjwvdWw+CjxzdHJvbmc+UmVzcG9uc2FiaWxpdMOpcyDDqWRpdG9yaWFsZXM8L3N0cm9uZz4KPHVsPgogCTxsaT5Db21pdMOpIGRlIHLDqWRhY3Rpb24gZGUgbGEgcmV2dWUgPGVtPlNhdm9pciAvIEFnaXI8L2VtPjwvbGk+CiAJPGxpPkNvLWRpcmVjdGV1ciBkZSBsYSBjb2xsZWN0aW9uIER5bmFtaXF1ZXMgc29jaW\/DqWNvbm9taXF1ZXMsIMOpZGl0aW9ucyBkdSBDcm9xdWFudCAoYXZlYyBBbmEgUGVycmluLUhlcmVkaWEgZXQgQW5keSBTbWl0aCk8L2xpPgo8L3VsPgombmJzcDsKCkVOQ0FEUkVNRU5UUwoKPHN0cm9uZz5EaXJlY3Rpb24gZGUgdGjDqHNlPC9zdHJvbmc+Cjx1bD4KIAk8bGk+MjAyNC0tIFZpY3RvciBEZXZpc21lLCA8ZW0+QXBwcmVuZHJlIMOgIGRvbm5lci4gU29jaWFsaXNhdGlvbnMgcGhpbGFudGhyb3BpcXVlcyBkZXMgw6lsaXRlcyBldCBpbsOpZ2FsaXTDqXMgc2NvbGFpcmVzPC9lbT4uIENvdHV0ZWxsZSBhdmVjIGxhIE5ldyBTY2hvb2wgb2YgU29jaWFsIFJlc2VhcmNoLCBOZXcgWW9yayAoZGlyZWN0cmljZSBhbcOpcmljYWluZSA6IFJhY2hlbCBTaGVybWFuKTwvbGk+CjwvdWw+CjxzdHJvbmc+Q29taXTDqXMgZGUgc3VpdmkgZGUgdGjDqHNlPC9zdHJvbmc+Cjx1bD4KIAk8bGk+UGVkcm8gR3J1bmV3YWxkIExvdXJvLCBFTlMgUGFyaXMtU2FjbGF5IGV0IFVuaXZlcnNpdMOpIFNhbyBQYW9sbzwvbGk+CiAJPGxpPkJyaWNlIExlIEdhbGwsIEVOUyBQYXJpcy1TYWNsYXkgZXQgUGFyaXMgMSBQYW50aMOpb24gU29yYm9ubmU8L2xpPgogCTxsaT5WYWxlbnRpbmUgRmxvcmlhbmksIEVOUyBQYXJpcy1TYWNsYXk8L2xpPgogCTxsaT5BbGV4IEFtaW90dGUgU3VjaGV0LCBFTlMgUGFyaXMtU2FjbGF5PC9saT4KIAk8bGk+QW50b2luZSBDb3N0ZXMsIE5hbnRlcnJlPC9saT4KPC91bD4KPHN0cm9uZz5FbmNhZHJlbWVudHMgZGUgbcOpbW9pcmVzIGRlIG1hc3RlciAxIG91IDIgw4ljb25vbWllIG9yZ2FuaXNhdGlvbnMgZXQgc29jacOpdMOpcyAoRU9TKSwgRU5TIFBhcmlzLVNhY2xheTwvc3Ryb25nPgo8dWw+CiAJPGxpPjIwMjQgVGhvbWFzIExvdXNzb3Vhcm4gKE0yKSwgPGVtPlRoZSBOYXR1cmUgb2YgRGVidC4gRGVidC1mb3ItTmF0dXJlIFN3YXBzIGFuZCBVbnJlYWxpemVkIFBvdGVudGlhbCBmb3IgQnVyZGVuZWQgTmF0aW9uczwvZW0+LiBKdXLDqWXCoDogU3RlcGhhbmllIEJsYW5rZW5idXJnPC9saT4KIAk8bGk+MjAyNCBTYWxvbcOpIFJpbyAoTTIpLCA8ZW0+TGUgU8OpbmF0IEZyYW7Dp2FpcywgdW5lIGFzc2VtYmzDqWUgcXVpIHLDqWludmVudGUgc2EgbMOpZ2l0aW1pdMOpLiBBbmFseXNlIGR1IHJlY291cnMgY3JvaXNzYW50IGF1eCBjb21taXNzaW9ucyBk4oCZZW5xdcOqdGVzIHBhcmxlbWVudGFpcmVzPC9lbT4uIEp1csOpwqA6IFPDqWJhc3RpZW4gTWljaG9uLDwvbGk+CiAJPGxpPjIwMjQgTWFydGluIE1hdXJpYXQgKE0xKSwgPGVtPkxhIHDDqXJlbm5pdMOpIGRlIGzigJlleGNlcHRpb24gY3VsdHVyZWxsZSBmcmFuw6dhaXNlIGZhY2UgYXV4IMOpdm9sdXRpb25zIGTigJl1biBzZWN0ZXVyIGlucXVpw6l0w6kgcGFyIGxlIGTDqXZlbG9wcGVtZW50IGRlcyBTTUFEPC9lbT4uIEp1csOpZSA6IExhdXJlIGRlIFZlcmRhbGxlPC9saT4KIAk8bGk+MjAyNCBNYXJpYW5uZSBMZSBDaGV2YWxpZXIgKE0yKSwgPGVtPkNvbW1lbnQgbGVzIHBldGl0cyBwYXlzIGdhZ25lbnQtaWxzIGRlcyBtw6lkYWlsbGVzIGF1eCBKZXV4IG9seW1waXF1ZXMgPyBVbmUgYW5hbHlzZSBkZXMgZmFjdGV1cnMgaW5zdGl0dXRpb25uZWxzIGltcGxpcXXDqXMgZGFucyBsYSByw6l1c3NpdGUgc3BvcnRpdmUgYmFzw6llIHN1ciBsZXMgY2FzIGR1IERhbmVtYXJrLCBkdSBLZW55YSBldCBkZSBsYSBKYW1hw69xdWU8L2VtPi4gSnVyw6llwqA6IENhcm9saW5lIFZpbmNlbnNpbmk8L2xpPgogCTxsaT4yMDI0IEdhdXRoaWVyIERhdnkgKE0yKSwgPGVtPkxhIHJlY2hlcmNoZSBk4oCZZWZmaWNhY2l0w6kgYXUgc2VpbiBkZXMgaW5zdGl0dXRpb25zIHB1YmxpcXVlcyA6IHZlcnMgdW4gcmVub3V2ZWF1IGR1IE5ldyBQdWJsaWMgTWFuYWdlbWVudCA\/IMOJdHVkZSBkZSBjYXMgc3VyIGxlIFNlcnZpY2UgZGUgbGEgdHJhbnNmb3JtYXRpb24gZGUgbGEgR2VuZGFybWVyaWUgbmF0aW9uYWxlPC9lbT4uIEp1csOpwqA6IFRvbW1hc28gUGFyZGk8L2xpPgogCTxsaT4yMDIzIFNhcmFoIEV6emlhbmkgKE0xKSwgPGVtPlZpb2xlbmNlcyDDqWNvbm9taXF1ZXMgOiBxdWFuZCBsZXMgY2\/Du3RzIGJsZXNzZW50LiBHZW7DqHNlIGV0IHVzYWdlcyBk4oCZdW4gdGVybWUgZW4gcXXDqnRlIGRlIHJlY29ubmFpc3NhbmNlIGVuIHRhbnQgcXVlIHByb2Jsw6htZSBwdWJsaWM8L2VtPi4gSnVyw6llwqA6IEPDqWxpbmUgQmVzc2nDqHJlPC9saT4KIAk8bGk+MjAyMyBMdWNpZSBLaXJlbWlkamlhbiAoTTIpLCA8ZW0+TGVzIGludGVybcOpZGlhaXJlcyBkZSBsYSBwaGlsYW50aHJvcGllLiBPcmllbnRhdGlvbiBkZXMgZG9ucyBldCBhdXRvbm9taXNhdGlvbiBkdSBjaGFtcDwvZW0+LiBKdXLDqWXCoDogQ2Fyb2xpbmUgVmluY2Vuc2luaTwvbGk+CiAJPGxpPjIwMjMgU2FjaGEgS25pYXogKE0xKSwgUmVsw6lndcOpIG1haXMgcGFzIGhvcnMtamV1IDogdW5lIGFuYWx5c2UgaW5zdGl0dXRpb25uYWxpc3RlIGRlcyBlbmpldXggw6ljb25vbWlxdWVzIGRlIGxhIHJlbMOpZ2F0aW9uIGVuIE5hdGlvbmFsIDEuIEp1csOpwqA6IErDqXLDqW1pZSBCYXN0aWVuLjwvbGk+CiAJPGxpPjIwMjMgTWF0aGlsZGUgTWFydGluIChNMSksIDxlbT5MZSBwc3ljaGlhdHJlLCBsYSBUaWtUb2tldXNlIGV0IGxlIGRpYWdub3N0aWMgOiBGYWlyZSBjb25uYcOudHJlIGzigJlhdXRpc21lIHN1ciBsZSByw6lzZWF1IHNvY2lhbCBUaWtUb2s8L2VtPi4gSnVyw6llwqA6IE1hcmlvbiBNaWNoZWw8L2xpPgogCTxsaT4yMDIzIEFkw6hsZSBUb3BpbGluIChNMiksIExlcyBjb25zw6lxdWVuY2VzIGRlcyBwb2xpdGlxdWVzIGV0IGRlcyBkaXNjb3VycyBwb2xpdGlxdWVzIHN1ciBs4oCZYWNjZXNzaWJpbGl0w6kgw6AgbOKAmUlWRyBlbiBGcmFuY2UuIEp1csOpwqA6IEVsaXphIEJlbml0ZXMgR2FtYmlyYXppby48L2xpPgo8L3VsPmRvY3VtZW50ZXhjZXJwdGRvY3VtZW50YXV0aG9yZG9jdW1lbnRmZWF0dXJlZF9tZWRpYWRvY3VtZW50Y29tbWVudF9zdGF0dXNkb2N1bWVudHBpbmdfc3RhdHVzZG9jdW1lbnR0ZW1wbGF0ZWRvY3VtZW50bWV0YWZvb3Rub3Rlc2RvY3VtZW50YmxvY2tzY2xpZW50SWRpc1ZhbGlkb3JpZ2luYWxDb250ZW50bmFtZWF0dHJpYnV0ZXNjb250ZW50aW5uZXJCbG9ja3NzdGF0ZXZlcnNpb25zdGF0ZXZlcnNpb25zdGF0ZXZlcnNpb25zdGF0ZXNhdmVkQXRzdGF0ZXNhdmVkQnkFBwUHBQcIBAgECAYIBR8IBw8BMQWYAawBBi0FggGDAgYHAQ0BJAWmAwYrBYsBiAEwMSQGtgEFqAKJA4IDoQS8A4sDpgLsAgCnAgYIBwgGCA4IDggLSAEECQgGCAcPBAoHCwUHBQcFBwUHBQcRAQYAAAEAAAABBgAAAQAABwEHQgEBAEEAAAJBPAYBAH0BAQBpAHcTMjAyNC0wMi0yMlQxNjowMDozMXcfcmVzcG9uc2FiaWxpdGVzLWV0LWVuY2FkcmVtZW50c3cHcHVibGlzaH0BfQB3BmNsb3NlZHcGY2xvc2VkdwB3AHckYzUyYWNiZjMtNGE0Ny00MDI4LWEyYTktNWNhMGVkNTMwZDNleHe7GjxwPlJFU1BPTlNBQklMSVTDiVM8L3A+CjxwPjxzdHJvbmc+UmVzcG9uc2FiaWxpdMOpcyBhZG1pbmlzdHJhdGl2ZXM8L3N0cm9uZz48L3A+Cjx1bD4KPGxpPlJlc3BvbnNhYmxlIGR1IE0yIEVjb25vbWllLCBvcmdhbmlzYXRpb25zIGV0IHNvY2nDqXTDqSAoRU9TKSwgRU5TIFBhcmlzLVNhY2xheTwvbGk+CjxsaT5NZW1icmUgZHUgY29uc2VpbCBkZSBsYSBHcmFkdWF0ZSBTY2hvb2wgU29jaW9sb2dpZSBldCBTY2llbmNlIFBvbGl0aXF1ZSwgVW5pdmVyc2l0w6kgUGFyaXMtU2FjbGF5PC9saT4KPC91bD4KPHA+PHN0cm9uZz5SZXNwb25zYWJpbGl0w6lzIMOpZGl0b3JpYWxlczwvc3Ryb25nPjwvcD4KPHVsPgo8bGk+Q29taXTDqSBkZSByw6lkYWN0aW9uIGRlIGxhIHJldnVlIDxlbT5TYXZvaXIgLyBBZ2lyPC9lbT48L2xpPgo8bGk+Q28tZGlyZWN0ZXVyIGRlIGxhIGNvbGxlY3Rpb24gRHluYW1pcXVlcyBzb2Npb8OpY29ub21pcXVlcywgw6lkaXRpb25zIGR1IENyb3F1YW50IChhdmVjIEFuYSBQZXJyaW4tSGVyZWRpYSBldCBBbmR5IFNtaXRoKTwvbGk+CjwvdWw+CjxwPiZuYnNwOzwvcD4KPHA+RU5DQURSRU1FTlRTPC9wPgo8cD48c3Ryb25nPkRpcmVjdGlvbiBkZSB0aMOoc2U8L3N0cm9uZz48L3A+Cjx1bD4KPGxpPjIwMjQtLSBWaWN0b3IgRGV2aXNtZSwgPGVtPkFwcHJlbmRyZSDDoCBkb25uZXIuIFNvY2lhbGlzYXRpb25zIHBoaWxhbnRocm9waXF1ZXMgZGVzIMOpbGl0ZXMgZXQgaW7DqWdhbGl0w6lzIHNjb2xhaXJlczwvZW0+LiBDb3R1dGVsbGUgYXZlYyBsYSBOZXcgU2Nob29sIG9mIFNvY2lhbCBSZXNlYXJjaCwgTmV3IFlvcmsgKGRpcmVjdHJpY2UgYW3DqXJpY2FpbmUgOiBSYWNoZWwgU2hlcm1hbik8L2xpPgo8L3VsPgo8cD48c3Ryb25nPkNvbWl0w6lzIGRlIHN1aXZpIGRlIHRow6hzZTwvc3Ryb25nPjwvcD4KPHVsPgo8bGk+UGVkcm8gR3J1bmV3YWxkIExvdXJvLCBFTlMgUGFyaXMtU2FjbGF5IGV0IFVuaXZlcnNpdMOpIFNhbyBQYW9sbzwvbGk+CjxsaT5CcmljZSBMZSBHYWxsLCBFTlMgUGFyaXMtU2FjbGF5IGV0IFBhcmlzIDEgUGFudGjDqW9uIFNvcmJvbm5lPC9saT4KPGxpPlZhbGVudGluZSBGbG9yaWFuaSwgRU5TIFBhcmlzLVNhY2xheTwvbGk+CjxsaT5BbGV4IEFtaW90dGUgU3VjaGV0LCBFTlMgUGFyaXMtU2FjbGF5PC9saT4KPGxpPkFudG9pbmUgQ29zdGVzLCBOYW50ZXJyZTwvbGk+CjwvdWw+CjxwPjxzdHJvbmc+RW5jYWRyZW1lbnRzIGRlIG3DqW1vaXJlcyBkZSBtYXN0ZXIgMSBvdSAyIMOJY29ub21pZSBvcmdhbmlzYXRpb25zIGV0IHNvY2nDqXTDqXMgKEVPUyksIEVOUyBQYXJpcy1TYWNsYXk8L3N0cm9uZz48L3A+Cjx1bD4KPGxpPjIwMjQgVGhvbWFzIExvdXNzb3Vhcm4gKE0yKSwgPGVtPlRoZSBOYXR1cmUgb2YgRGVidC4gRGVidC1mb3ItTmF0dXJlIFN3YXBzIGFuZCBVbnJlYWxpemVkIFBvdGVudGlhbCBmb3IgQnVyZGVuZWQgTmF0aW9uczwvZW0+LiBKdXLDqWXCoDogU3RlcGhhbmllIEJsYW5rZW5idXJnPC9saT4KPGxpPjIwMjQgU2Fsb23DqSBSaW8gKE0yKSwgPGVtPkxlIFPDqW5hdCBGcmFuw6dhaXMsIHVuZSBhc3NlbWJsw6llIHF1aSByw6lpbnZlbnRlIHNhIGzDqWdpdGltaXTDqS4gQW5hbHlzZSBkdSByZWNvdXJzIGNyb2lzc2FudCBhdXggY29tbWlzc2lvbnMgZOKAmWVucXXDqnRlcyBwYXJsZW1lbnRhaXJlczwvZW0+LiBKdXLDqcKgOiBTw6liYXN0aWVuIE1pY2hvbiw8L2xpPgo8bGk+MjAyNCBNYXJ0aW4gTWF1cmlhdCAoTTEpLCA8ZW0+TGEgcMOpcmVubml0w6kgZGUgbOKAmWV4Y2VwdGlvbiBjdWx0dXJlbGxlIGZyYW7Dp2Fpc2UgZmFjZSBhdXggw6l2b2x1dGlvbnMgZOKAmXVuIHNlY3RldXIgaW5xdWnDqXTDqSBwYXIgbGUgZMOpdmVsb3BwZW1lbnQgZGVzIFNNQUQ8L2VtPi4gSnVyw6llIDogTGF1cmUgZGUgVmVyZGFsbGU8L2xpPgo8bGk+MjAyNCBNYXJpYW5uZSBMZSBDaGV2YWxpZXIgKE0yKSwgPGVtPkNvbW1lbnQgbGVzIHBldGl0cyBwYXlzIGdhZ25lbnQtaWxzIGRlcyBtw6lkYWlsbGVzIGF1eCBKZXV4IG9seW1waXF1ZXMgPyBVbmUgYW5hbHlzZSBkZXMgZmFjdGV1cnMgaW5zdGl0dXRpb25uZWxzIGltcGxpcXXDqXMgZGFucyBsYSByw6l1c3NpdGUgc3BvcnRpdmUgYmFzw6llIHN1ciBsZXMgY2FzIGR1IERhbmVtYXJrLCBkdSBLZW55YSBldCBkZSBsYSBKYW1hw69xdWU8L2VtPi4gSnVyw6llwqA6IENhcm9saW5lIFZpbmNlbnNpbmk8L2xpPgo8bGk+MjAyNCBHYXV0aGllciBEYXZ5IChNMiksIDxlbT5MYSByZWNoZXJjaGUgZOKAmWVmZmljYWNpdMOpIGF1IHNlaW4gZGVzIGluc3RpdHV0aW9ucyBwdWJsaXF1ZXMgOiB2ZXJzIHVuIHJlbm91dmVhdSBkdSBOZXcgUHVibGljIE1hbmFnZW1lbnQgPyDDiXR1ZGUgZGUgY2FzIHN1ciBsZSBTZXJ2aWNlIGRlIGxhIHRyYW5zZm9ybWF0aW9uIGRlIGxhIEdlbmRhcm1lcmllIG5hdGlvbmFsZTwvZW0+LiBKdXLDqcKgOiBUb21tYXNvIFBhcmRpPC9saT4KPGxpPjIwMjMgU2FyYWggRXp6aWFuaSAoTTEpLCA8ZW0+VmlvbGVuY2VzIMOpY29ub21pcXVlcyA6IHF1YW5kIGxlcyBjb8O7dHMgYmxlc3NlbnQuIEdlbsOoc2UgZXQgdXNhZ2VzIGTigJl1biB0ZXJtZSBlbiBxdcOqdGUgZGUgcmVjb25uYWlzc2FuY2UgZW4gdGFudCBxdWUgcHJvYmzDqG1lIHB1YmxpYzwvZW0+LiBKdXLDqWXCoDogQ8OpbGluZSBCZXNzacOocmU8L2xpPgo8bGk+MjAyMyBMdWNpZSBLaXJlbWlkamlhbiAoTTIpLCA8ZW0+TGVzIGludGVybcOpZGlhaXJlcyBkZSBsYSBwaGlsYW50aHJvcGllLiBPcmllbnRhdGlvbiBkZXMgZG9ucyBldCBhdXRvbm9taXNhdGlvbiBkdSBjaGFtcDwvZW0+LiBKdXLDqWXCoDogQ2Fyb2xpbmUgVmluY2Vuc2luaTwvbGk+CjxsaT4yMDIzIFNhY2hhIEtuaWF6IChNMSksIFJlbMOpZ3XDqSBtYWlzIHBhcyBob3JzLWpldSA6IHVuZSBhbmFseXNlIGluc3RpdHV0aW9ubmFsaXN0ZSBkZXMgZW5qZXV4IMOpY29ub21pcXVlcyBkZSBsYSByZWzDqWdhdGlvbiBlbiBOYXRpb25hbCAxLiBKdXLDqcKgOiBKw6lyw6ltaWUgQmFzdGllbi48L2xpPgo8bGk+MjAyMyBNYXRoaWxkZSBNYXJ0aW4gKE0xKSwgPGVtPkxlIHBzeWNoaWF0cmUsIGxhIFRpa1Rva2V1c2UgZXQgbGUgZGlhZ25vc3RpYyA6IEZhaXJlIGNvbm5hw650cmUgbOKAmWF1dGlzbWUgc3VyIGxlIHLDqXNlYXUgc29jaWFsIFRpa1RvazwvZW0+LiBKdXLDqWXCoDogTWFyaW9uIE1pY2hlbDwvbGk+CjxsaT4yMDIzIEFkw6hsZSBUb3BpbGluIChNMiksIExlcyBjb25zw6lxdWVuY2VzIGRlcyBwb2xpdGlxdWVzIGV0IGRlcyBkaXNjb3VycyBwb2xpdGlxdWVzIHN1ciBs4oCZYWNjZXNzaWJpbGl0w6kgw6AgbOKAmUlWRyBlbiBGcmFuY2UuIEp1csOpwqA6IEVsaXphIEJlbml0ZXMgR2FtYmlyYXppby48L2xpPgo8L3VsPncNY29yZS9mcmVlZm9ybXe7GjxwPlJFU1BPTlNBQklMSVTDiVM8L3A+CjxwPjxzdHJvbmc+UmVzcG9uc2FiaWxpdMOpcyBhZG1pbmlzdHJhdGl2ZXM8L3N0cm9uZz48L3A+Cjx1bD4KPGxpPlJlc3BvbnNhYmxlIGR1IE0yIEVjb25vbWllLCBvcmdhbmlzYXRpb25zIGV0IHNvY2nDqXTDqSAoRU9TKSwgRU5TIFBhcmlzLVNhY2xheTwvbGk+CjxsaT5NZW1icmUgZHUgY29uc2VpbCBkZSBsYSBHcmFkdWF0ZSBTY2hvb2wgU29jaW9sb2dpZSBldCBTY2llbmNlIFBvbGl0aXF1ZSwgVW5pdmVyc2l0w6kgUGFyaXMtU2FjbGF5PC9saT4KPC91bD4KPHA+PHN0cm9uZz5SZXNwb25zYWJpbGl0w6lzIMOpZGl0b3JpYWxlczwvc3Ryb25nPjwvcD4KPHVsPgo8bGk+Q29taXTDqSBkZSByw6lkYWN0aW9uIGRlIGxhIHJldnVlIDxlbT5TYXZvaXIgLyBBZ2lyPC9lbT48L2xpPgo8bGk+Q28tZGlyZWN0ZXVyIGRlIGxhIGNvbGxlY3Rpb24gRHluYW1pcXVlcyBzb2Npb8OpY29ub21pcXVlcywgw6lkaXRpb25zIGR1IENyb3F1YW50IChhdmVjIEFuYSBQZXJyaW4tSGVyZWRpYSBldCBBbmR5IFNtaXRoKTwvbGk+CjwvdWw+CjxwPiZuYnNwOzwvcD4KPHA+RU5DQURSRU1FTlRTPC9wPgo8cD48c3Ryb25nPkRpcmVjdGlvbiBkZSB0aMOoc2U8L3N0cm9uZz48L3A+Cjx1bD4KPGxpPjIwMjQtLSBWaWN0b3IgRGV2aXNtZSwgPGVtPkFwcHJlbmRyZSDDoCBkb25uZXIuIFNvY2lhbGlzYXRpb25zIHBoaWxhbnRocm9waXF1ZXMgZGVzIMOpbGl0ZXMgZXQgaW7DqWdhbGl0w6lzIHNjb2xhaXJlczwvZW0+LiBDb3R1dGVsbGUgYXZlYyBsYSBOZXcgU2Nob29sIG9mIFNvY2lhbCBSZXNlYXJjaCwgTmV3IFlvcmsgKGRpcmVjdHJpY2UgYW3DqXJpY2FpbmUgOiBSYWNoZWwgU2hlcm1hbik8L2xpPgo8L3VsPgo8cD48c3Ryb25nPkNvbWl0w6lzIGRlIHN1aXZpIGRlIHRow6hzZTwvc3Ryb25nPjwvcD4KPHVsPgo8bGk+UGVkcm8gR3J1bmV3YWxkIExvdXJvLCBFTlMgUGFyaXMtU2FjbGF5IGV0IFVuaXZlcnNpdMOpIFNhbyBQYW9sbzwvbGk+CjxsaT5CcmljZSBMZSBHYWxsLCBFTlMgUGFyaXMtU2FjbGF5IGV0IFBhcmlzIDEgUGFudGjDqW9uIFNvcmJvbm5lPC9saT4KPGxpPlZhbGVudGluZSBGbG9yaWFuaSwgRU5TIFBhcmlzLVNhY2xheTwvbGk+CjxsaT5BbGV4IEFtaW90dGUgU3VjaGV0LCBFTlMgUGFyaXMtU2FjbGF5PC9saT4KPGxpPkFudG9pbmUgQ29zdGVzLCBOYW50ZXJyZTwvbGk+CjwvdWw+CjxwPjxzdHJvbmc+RW5jYWRyZW1lbnRzIGRlIG3DqW1vaXJlcyBkZSBtYXN0ZXIgMSBvdSAyIMOJY29ub21pZSBvcmdhbmlzYXRpb25zIGV0IHNvY2nDqXTDqXMgKEVPUyksIEVOUyBQYXJpcy1TYWNsYXk8L3N0cm9uZz48L3A+Cjx1bD4KPGxpPjIwMjQgVGhvbWFzIExvdXNzb3Vhcm4gKE0yKSwgPGVtPlRoZSBOYXR1cmUgb2YgRGVidC4gRGVidC1mb3ItTmF0dXJlIFN3YXBzIGFuZCBVbnJlYWxpemVkIFBvdGVudGlhbCBmb3IgQnVyZGVuZWQgTmF0aW9uczwvZW0+LiBKdXLDqWXCoDogU3RlcGhhbmllIEJsYW5rZW5idXJnPC9saT4KPGxpPjIwMjQgU2Fsb23DqSBSaW8gKE0yKSwgPGVtPkxlIFPDqW5hdCBGcmFuw6dhaXMsIHVuZSBhc3NlbWJsw6llIHF1aSByw6lpbnZlbnRlIHNhIGzDqWdpdGltaXTDqS4gQW5hbHlzZSBkdSByZWNvdXJzIGNyb2lzc2FudCBhdXggY29tbWlzc2lvbnMgZOKAmWVucXXDqnRlcyBwYXJsZW1lbnRhaXJlczwvZW0+LiBKdXLDqcKgOiBTw6liYXN0aWVuIE1pY2hvbiw8L2xpPgo8bGk+MjAyNCBNYXJ0aW4gTWF1cmlhdCAoTTEpLCA8ZW0+TGEgcMOpcmVubml0w6kgZGUgbOKAmWV4Y2VwdGlvbiBjdWx0dXJlbGxlIGZyYW7Dp2Fpc2UgZmFjZSBhdXggw6l2b2x1dGlvbnMgZOKAmXVuIHNlY3RldXIgaW5xdWnDqXTDqSBwYXIgbGUgZMOpdmVsb3BwZW1lbnQgZGVzIFNNQUQ8L2VtPi4gSnVyw6llIDogTGF1cmUgZGUgVmVyZGFsbGU8L2xpPgo8bGk+MjAyNCBNYXJpYW5uZSBMZSBDaGV2YWxpZXIgKE0yKSwgPGVtPkNvbW1lbnQgbGVzIHBldGl0cyBwYXlzIGdhZ25lbnQtaWxzIGRlcyBtw6lkYWlsbGVzIGF1eCBKZXV4IG9seW1waXF1ZXMgPyBVbmUgYW5hbHlzZSBkZXMgZmFjdGV1cnMgaW5zdGl0dXRpb25uZWxzIGltcGxpcXXDqXMgZGFucyBsYSByw6l1c3NpdGUgc3BvcnRpdmUgYmFzw6llIHN1ciBsZXMgY2FzIGR1IERhbmVtYXJrLCBkdSBLZW55YSBldCBkZSBsYSBKYW1hw69xdWU8L2VtPi4gSnVyw6llwqA6IENhcm9saW5lIFZpbmNlbnNpbmk8L2xpPgo8bGk+MjAyNCBHYXV0aGllciBEYXZ5IChNMiksIDxlbT5MYSByZWNoZXJjaGUgZOKAmWVmZmljYWNpdMOpIGF1IHNlaW4gZGVzIGluc3RpdHV0aW9ucyBwdWJsaXF1ZXMgOiB2ZXJzIHVuIHJlbm91dmVhdSBkdSBOZXcgUHVibGljIE1hbmFnZW1lbnQgPyDDiXR1ZGUgZGUgY2FzIHN1ciBsZSBTZXJ2aWNlIGRlIGxhIHRyYW5zZm9ybWF0aW9uIGRlIGxhIEdlbmRhcm1lcmllIG5hdGlvbmFsZTwvZW0+LiBKdXLDqcKgOiBUb21tYXNvIFBhcmRpPC9saT4KPGxpPjIwMjMgU2FyYWggRXp6aWFuaSAoTTEpLCA8ZW0+VmlvbGVuY2VzIMOpY29ub21pcXVlcyA6IHF1YW5kIGxlcyBjb8O7dHMgYmxlc3NlbnQuIEdlbsOoc2UgZXQgdXNhZ2VzIGTigJl1biB0ZXJtZSBlbiBxdcOqdGUgZGUgcmVjb25uYWlzc2FuY2UgZW4gdGFudCBxdWUgcHJvYmzDqG1lIHB1YmxpYzwvZW0+LiBKdXLDqWXCoDogQ8OpbGluZSBCZXNzacOocmU8L2xpPgo8bGk+MjAyMyBMdWNpZSBLaXJlbWlkamlhbiAoTTIpLCA8ZW0+TGVzIGludGVybcOpZGlhaXJlcyBkZSBsYSBwaGlsYW50aHJvcGllLiBPcmllbnRhdGlvbiBkZXMgZG9ucyBldCBhdXRvbm9taXNhdGlvbiBkdSBjaGFtcDwvZW0+LiBKdXLDqWXCoDogQ2Fyb2xpbmUgVmluY2Vuc2luaTwvbGk+CjxsaT4yMDIzIFNhY2hhIEtuaWF6IChNMSksIFJlbMOpZ3XDqSBtYWlzIHBhcyBob3JzLWpldSA6IHVuZSBhbmFseXNlIGluc3RpdHV0aW9ubmFsaXN0ZSBkZXMgZW5qZXV4IMOpY29ub21pcXVlcyBkZSBsYSByZWzDqWdhdGlvbiBlbiBOYXRpb25hbCAxLiBKdXLDqcKgOiBKw6lyw6ltaWUgQmFzdGllbi48L2xpPgo8bGk+MjAyMyBNYXRoaWxkZSBNYXJ0aW4gKE0xKSwgPGVtPkxlIHBzeWNoaWF0cmUsIGxhIFRpa1Rva2V1c2UgZXQgbGUgZGlhZ25vc3RpYyA6IEZhaXJlIGNvbm5hw650cmUgbOKAmWF1dGlzbWUgc3VyIGxlIHLDqXNlYXUgc29jaWFsIFRpa1RvazwvZW0+LiBKdXLDqWXCoDogTWFyaW9uIE1pY2hlbDwvbGk+CjxsaT4yMDIzIEFkw6hsZSBUb3BpbGluIChNMiksIExlcyBjb25zw6lxdWVuY2VzIGRlcyBwb2xpdGlxdWVzIGV0IGRlcyBkaXNjb3VycyBwb2xpdGlxdWVzIHN1ciBs4oCZYWNjZXNzaWJpbGl0w6kgw6AgbOKAmUlWRyBlbiBGcmFuY2UuIEp1csOpwqA6IEVsaXphIEJlbml0ZXMgR2FtYmlyYXppby48L2xpPgo8L3VsPgEAAQADAHtCedfPlvEQAH2Uk7jrBAXXtfnPDQEAAN3bwv8LKQAAMwABADEABQBYAGwABgAtAAUAQgCDAQAGAAcAAQANAAEAJAAFAOYBAAYAKwAFAEsASAAwADEAJAAGAHYABQCoAQDJAQDCAQChAgD8AQDLAQCmAQCsAQCsAQCnAQCh16a5CAEAAMDMwNEGAQAA1InctQIBAAA=\",\"updateId\":378366704}","footnotes":""},"class_list":["post-47","page","type-page","status-publish"],"_links":{"self":[{"href":"https:\/\/www.penet-cnrs.fr\/index.php\/wp-json\/wp\/v2\/pages\/47","targetHints":{"allow":["GET"]}}],"collection":[{"href":"https:\/\/www.penet-cnrs.fr\/index.php\/wp-json\/wp\/v2\/pages"}],"about":[{"href":"https:\/\/www.penet-cnrs.fr\/index.php\/wp-json\/wp\/v2\/types\/page"}],"author":[{"embeddable":true,"href":"https:\/\/www.penet-cnrs.fr\/index.php\/wp-json\/wp\/v2\/users\/1"}],"replies":[{"embeddable":true,"href":"https:\/\/www.penet-cnrs.fr\/index.php\/wp-json\/wp\/v2\/comments?post=47"}],"version-history":[{"count":19,"href":"https:\/\/www.penet-cnrs.fr\/index.php\/wp-json\/wp\/v2\/pages\/47\/revisions"}],"predecessor-version":[{"id":147,"href":"https:\/\/www.penet-cnrs.fr\/index.php\/wp-json\/wp\/v2\/pages\/47\/revisions\/147"}],"wp:attachment":[{"href":"https:\/\/www.penet-cnrs.fr\/index.php\/wp-json\/wp\/v2\/media?parent=47"}],"curies":[{"name":"wp","href":"https:\/\/api.w.org\/{rel}","templated":true}]}}