{"id":31,"date":"2024-02-17T15:05:50","date_gmt":"2024-02-17T14:05:50","guid":{"rendered":"http:\/\/ourcwfj.cluster029.hosting.ovh.net\/?page_id=31"},"modified":"2024-02-17T15:05:50","modified_gmt":"2024-02-17T14:05:50","slug":"chapitres","status":"publish","type":"page","link":"https:\/\/www.penet-cnrs.fr\/index.php\/chapitres\/","title":{"rendered":"Chapitres"},"content":{"rendered":"[vc_row type=\u00a0\u00bbin_container\u00a0\u00bb full_screen_row_position=\u00a0\u00bbmiddle\u00a0\u00bb column_margin=\u00a0\u00bbdefault\u00a0\u00bb column_direction=\u00a0\u00bbdefault\u00a0\u00bb column_direction_tablet=\u00a0\u00bbdefault\u00a0\u00bb column_direction_phone=\u00a0\u00bbdefault\u00a0\u00bb scene_position=\u00a0\u00bbcenter\u00a0\u00bb text_color=\u00a0\u00bbdark\u00a0\u00bb text_align=\u00a0\u00bbleft\u00a0\u00bb row_border_radius=\u00a0\u00bbnone\u00a0\u00bb row_border_radius_applies=\u00a0\u00bbbg\u00a0\u00bb overflow=\u00a0\u00bbvisible\u00a0\u00bb overlay_strength=\u00a0\u00bb0.3&Prime; gradient_direction=\u00a0\u00bbleft_to_right\u00a0\u00bb shape_divider_position=\u00a0\u00bbbottom\u00a0\u00bb bg_image_animation=\u00a0\u00bbnone\u00a0\u00bb][vc_column column_padding=\u00a0\u00bbno-extra-padding\u00a0\u00bb column_padding_tablet=\u00a0\u00bbinherit\u00a0\u00bb column_padding_phone=\u00a0\u00bbinherit\u00a0\u00bb column_padding_position=\u00a0\u00bball\u00a0\u00bb column_element_direction_desktop=\u00a0\u00bbdefault\u00a0\u00bb column_element_spacing=\u00a0\u00bbdefault\u00a0\u00bb desktop_text_alignment=\u00a0\u00bbdefault\u00a0\u00bb tablet_text_alignment=\u00a0\u00bbdefault\u00a0\u00bb phone_text_alignment=\u00a0\u00bbdefault\u00a0\u00bb background_color_opacity=\u00a0\u00bb1&Prime; background_hover_color_opacity=\u00a0\u00bb1&Prime; column_backdrop_filter=\u00a0\u00bbnone\u00a0\u00bb column_shadow=\u00a0\u00bbnone\u00a0\u00bb column_border_radius=\u00a0\u00bbnone\u00a0\u00bb column_link_target=\u00a0\u00bb_self\u00a0\u00bb column_position=\u00a0\u00bbdefault\u00a0\u00bb gradient_direction=\u00a0\u00bbleft_to_right\u00a0\u00bb overlay_strength=\u00a0\u00bb0.3&Prime; width=\u00a0\u00bb1\/1&Prime; tablet_width_inherit=\u00a0\u00bbdefault\u00a0\u00bb animation_type=\u00a0\u00bbdefault\u00a0\u00bb bg_image_animation=\u00a0\u00bbnone\u00a0\u00bb border_type=\u00a0\u00bbsimple\u00a0\u00bb column_border_width=\u00a0\u00bbnone\u00a0\u00bb column_border_style=\u00a0\u00bbsolid\u00a0\u00bb][vc_column_text]\n<ul>\n<li><span style=\"font-weight: 400;\">\u00ab\u00a0<\/span><a href=\"https:\/\/drive.google.com\/file\/d\/12lre26h9bOIdVJbrYlCu_T38_lGB-x2N\/view?usp=drive_link\"><span style=\"font-weight: 400;\">La rationalit\u00e9 proph\u00e9tique. Retour d\u2019exp\u00e9rience sur la crise financi\u00e8re de 2008<\/span><\/a><span style=\"font-weight: 400;\">\u00a0\u00bb, <\/span><i><span style=\"font-weight: 400;\">in<\/span><\/i><span style=\"font-weight: 400;\"> Claudia Senik (dir.), <\/span><i><span style=\"font-weight: 400;\">Soci\u00e9t\u00e9s en danger. Menaces et peurs, perceptions et r\u00e9actions<\/span><\/i><span style=\"font-weight: 400;\">, Paris, La D\u00e9couverte\/Fondation pour les Sciences Sociales, 2021, p. 52-70.<\/span><\/li>\n<li><span style=\"font-weight: 400;\">\u00ab\u00a0<\/span><a href=\"https:\/\/drive.google.com\/file\/d\/12kzY0c4ICPzfAcQEGRXuqrkUeXUlOJOL\/view?usp=drive_link\"><span style=\"font-weight: 400;\">Introduction. Sovereign debt diplomacies<\/span><\/a><span style=\"font-weight: 400;\">\u00a0\u00bb, avec Juan Flores Zendejas, in Pierre P\u00e9net et Juan Flores Zendejas (dir.), <\/span><i><span style=\"font-weight: 400;\">Sovereign debt diplomacies: Rethinking sovereign debt from colonial empires to hegemony<\/span><\/i><span style=\"font-weight: 400;\">, Oxford University Press, 2021, pp. 1-14.<\/span><\/li>\n<li><span style=\"font-weight: 400;\">\u00ab\u00a0<\/span><a href=\"https:\/\/drive.google.com\/file\/d\/12kNBvWfdxgNy38EwbuDhbt6eWk27btH-\/view?usp=drive_link\"><span style=\"font-weight: 400;\">Chapter 1: Rethinking sovereign debt from colonial empires to hegemony<\/span><\/a><span style=\"font-weight: 400;\">\u00a0\u00bb, avec Juan Flores Zendejas, in Pierre P\u00e9net et Juan Flores Zendejas (dir.), <\/span><i><span style=\"font-weight: 400;\">Sovereign debt diplomacies: Rethinking sovereign debt from colonial empires to hegemony<\/span><\/i><span style=\"font-weight: 400;\">, Oxford University Press, 2021, pp. 15-46.<\/span><\/li>\n<li><span style=\"font-weight: 400;\">\u00ab\u00a0<\/span><a href=\"https:\/\/drive.google.com\/file\/d\/12qNx1ZHWGdfC-nDz5RSyv166MP_Wof_w\/view?usp=drive_link\"><span style=\"font-weight: 400;\">Chapter 7: The revenge of defaulters: Interstate negotiations and debt repudiations in the post-War financial order, 1940-65<\/span><\/a><span style=\"font-weight: 400;\">\u00a0\u00bb, avec Juan Flores Zendejas et Christian Suter, in Pierre P\u00e9net et Juan Flores Zendejas (dir.), <\/span><i><span style=\"font-weight: 400;\">Sovereign debt diplomacies: Rethinking sovereign debt from colonial empires to hegemony<\/span><\/i><span style=\"font-weight: 400;\">, Oxford University Press, pp. 165-186.<\/span><\/li>\n<li><span style=\"font-weight: 400;\">\u00ab\u00a0<\/span><a href=\"https:\/\/drive.google.com\/file\/d\/12LIw1WXdqIPoa8A_jX5GGHRL9FDstTbB\/view?usp=drive_link\"><span style=\"font-weight: 400;\">Governing Capital, Labor and Nature in a Changing World<\/span><\/a><span style=\"font-weight: 400;\">\u00a0\u00bb, avec Gopalan Balachandran, Gr\u00e9goire Mallard, Olufunmilayo Arewa, Lucio Baccaro, Tim B\u00fcthe, Andrea Nightingale, Dominique Pestre et Anthea Roberts, in Olivier Bouin, Marie-Laure Djelic, Marc Fleurbaey, Ravi Kanbur et Elisa Reis (dir.), <\/span><i><span style=\"font-weight: 400;\">Report of International Panel on Social Progress<\/span><\/i><span style=\"font-weight: 400;\">, Cambridge University Press, pp. 491-522.<\/span><\/li>\n<li><span style=\"font-weight: 400;\">\u00ab\u00a0<\/span><a href=\"https:\/\/drive.google.com\/file\/d\/12HSmOuw2aQWoWj8tOWfF_2nXOLVIl0Jw\/view?usp=drive_link\"><span style=\"font-weight: 400;\">Credit Rating<\/span><\/a><span style=\"font-weight: 400;\">\u00a0\u00bb, in Craig E. Carroll (dir.), <\/span><i><span style=\"font-weight: 400;\">Sage Encyclopedia of Corporate Reputation<\/span><\/i><span style=\"font-weight: 400;\">, Sage Publications, 2016, pp. 235-239.<\/span><\/li>\n<li><span style=\"font-weight: 400;\">\u00ab\u00a0<\/span><a href=\"https:\/\/drive.google.com\/file\/d\/12VFIVnxPa7bvGJrN4gQikKSwuJN0-9tI\/view?usp=drive_link\"><span style=\"font-weight: 400;\">Rating Reports as Figuring Devices: How Credit Rating Agencies Build Scenarios of the Future<\/span><\/a><span style=\"font-weight: 400;\">\u00a0\u00bb, in Martin Kornberger, Lise Justesen, Anders Koed Madsen et Jan Mouritsen (dir.), <\/span><i><span style=\"font-weight: 400;\">Making Things Valuable<\/span><\/i><span style=\"font-weight: 400;\">, Oxford University Press, 2015, pp. 62-88.\u00a0<\/span><\/li>\n<li><span style=\"font-weight: 400;\">\u00ab\u00a0<\/span><a href=\"https:\/\/drive.google.com\/file\/d\/12aJ9YkvaWKwOcUXvSO2bLZiKYhIfhQMw\/view?usp=drive_link\"><span style=\"font-weight: 400;\">Inside the Shark Tank: Prizing Contemporary Art<\/span><\/a><span style=\"font-weight: 400;\">\u00a0\u00bb, in Christophe Behnke, Cornelia Kastelan, Val\u00e9rie Knoll et Ulf Wuggenig (dir.), <\/span><i><span style=\"font-weight: 400;\">Art in the Periphery of the Center<\/span><\/i><span style=\"font-weight: 400;\">, Sternberg Press, 2015, pp. 492-505.<\/span><\/li>\n<li><span style=\"font-weight: 400;\">\u00ab\u00a0<\/span><a href=\"https:\/\/drive.google.com\/file\/d\/12QgywLru2MPhx22OWl1D5xL7VaSrPzLq\/view?usp=drive_link\"><span style=\"font-weight: 400;\">Seeing Like a Credit Rating Agency: The constitution of Financial Uncertainties during the Greek Sovereign Debt Crisis<\/span><\/a><span style=\"font-weight: 400;\">\u00a0\u00bb, avec Gr\u00e9goire Mallard, in Cooper Hawthorne (dir.), <\/span><i><span style=\"font-weight: 400;\">Financial Crises: Identification, Forecasting and Effects on Transition Economies<\/span><\/i><span style=\"font-weight: 400;\">, Nova Publishers, 2013, pp. 164-174.<\/span><\/li>\n<\/ul>\n[\/vc_column_text][\/vc_column][\/vc_row]\n","protected":false},"excerpt":{"rendered":"<p>[vc_row type=\u00a0\u00bbin_container\u00a0\u00bb full_screen_row_position=\u00a0\u00bbmiddle\u00a0\u00bb column_margin=\u00a0\u00bbdefault\u00a0\u00bb column_direction=\u00a0\u00bbdefault\u00a0\u00bb column_direction_tablet=\u00a0\u00bbdefault\u00a0\u00bb column_direction_phone=\u00a0\u00bbdefault\u00a0\u00bb scene_position=\u00a0\u00bbcenter\u00a0\u00bb text_color=\u00a0\u00bbdark\u00a0\u00bb text_align=\u00a0\u00bbleft\u00a0\u00bb row_border_radius=\u00a0\u00bbnone\u00a0\u00bb row_border_radius_applies=\u00a0\u00bbbg\u00a0\u00bb overflow=\u00a0\u00bbvisible\u00a0\u00bb overlay_strength=\u00a0\u00bb0.3&Prime; gradient_direction=\u00a0\u00bbleft_to_right\u00a0\u00bb shape_divider_position=\u00a0\u00bbbottom\u00a0\u00bb bg_image_animation=\u00a0\u00bbnone\u00a0\u00bb][vc_column column_padding=\u00a0\u00bbno-extra-padding\u00a0\u00bb column_padding_tablet=\u00a0\u00bbinherit\u00a0\u00bb column_padding_phone=\u00a0\u00bbinherit\u00a0\u00bb column_padding_position=\u00a0\u00bball\u00a0\u00bb column_element_direction_desktop=\u00a0\u00bbdefault\u00a0\u00bb column_element_spacing=\u00a0\u00bbdefault\u00a0\u00bb desktop_text_alignment=\u00a0\u00bbdefault\u00a0\u00bb tablet_text_alignment=\u00a0\u00bbdefault\u00a0\u00bb phone_text_alignment=\u00a0\u00bbdefault\u00a0\u00bb background_color_opacity=\u00a0\u00bb1&Prime; background_hover_color_opacity=\u00a0\u00bb1&Prime; column_backdrop_filter=\u00a0\u00bbnone\u00a0\u00bb column_shadow=\u00a0\u00bbnone\u00a0\u00bb&#8230;<\/p>\n","protected":false},"author":1,"featured_media":0,"parent":0,"menu_order":0,"comment_status":"closed","ping_status":"closed","template":"","meta":{"_crdt_document":"","footnotes":""},"class_list":["post-31","page","type-page","status-publish"],"_links":{"self":[{"href":"https:\/\/www.penet-cnrs.fr\/index.php\/wp-json\/wp\/v2\/pages\/31","targetHints":{"allow":["GET"]}}],"collection":[{"href":"https:\/\/www.penet-cnrs.fr\/index.php\/wp-json\/wp\/v2\/pages"}],"about":[{"href":"https:\/\/www.penet-cnrs.fr\/index.php\/wp-json\/wp\/v2\/types\/page"}],"author":[{"embeddable":true,"href":"https:\/\/www.penet-cnrs.fr\/index.php\/wp-json\/wp\/v2\/users\/1"}],"replies":[{"embeddable":true,"href":"https:\/\/www.penet-cnrs.fr\/index.php\/wp-json\/wp\/v2\/comments?post=31"}],"version-history":[{"count":2,"href":"https:\/\/www.penet-cnrs.fr\/index.php\/wp-json\/wp\/v2\/pages\/31\/revisions"}],"predecessor-version":[{"id":33,"href":"https:\/\/www.penet-cnrs.fr\/index.php\/wp-json\/wp\/v2\/pages\/31\/revisions\/33"}],"wp:attachment":[{"href":"https:\/\/www.penet-cnrs.fr\/index.php\/wp-json\/wp\/v2\/media?parent=31"}],"curies":[{"name":"wp","href":"https:\/\/api.w.org\/{rel}","templated":true}]}}