{"id":10,"date":"2024-02-17T14:42:32","date_gmt":"2024-02-17T13:42:32","guid":{"rendered":"http:\/\/ourcwfj.cluster029.hosting.ovh.net\/?page_id=10"},"modified":"2026-04-15T12:07:46","modified_gmt":"2026-04-15T10:07:46","slug":"articles","status":"publish","type":"page","link":"https:\/\/www.penet-cnrs.fr\/index.php\/articles\/","title":{"rendered":"Articles"},"content":{"rendered":"[vc_row type=\u00a0\u00bbin_container\u00a0\u00bb full_screen_row_position=\u00a0\u00bbmiddle\u00a0\u00bb column_margin=\u00a0\u00bbdefault\u00a0\u00bb column_direction=\u00a0\u00bbdefault\u00a0\u00bb column_direction_tablet=\u00a0\u00bbdefault\u00a0\u00bb column_direction_phone=\u00a0\u00bbdefault\u00a0\u00bb scene_position=\u00a0\u00bbcenter\u00a0\u00bb text_color=\u00a0\u00bbdark\u00a0\u00bb text_align=\u00a0\u00bbleft\u00a0\u00bb row_border_radius=\u00a0\u00bbnone\u00a0\u00bb row_border_radius_applies=\u00a0\u00bbbg\u00a0\u00bb overflow=\u00a0\u00bbvisible\u00a0\u00bb overlay_strength=\u00a0\u00bb0.3&Prime; gradient_direction=\u00a0\u00bbleft_to_right\u00a0\u00bb shape_divider_position=\u00a0\u00bbbottom\u00a0\u00bb bg_image_animation=\u00a0\u00bbnone\u00a0\u00bb][vc_column column_padding=\u00a0\u00bbno-extra-padding\u00a0\u00bb column_padding_tablet=\u00a0\u00bbinherit\u00a0\u00bb column_padding_phone=\u00a0\u00bbinherit\u00a0\u00bb column_padding_position=\u00a0\u00bball\u00a0\u00bb column_element_direction_desktop=\u00a0\u00bbdefault\u00a0\u00bb column_element_spacing=\u00a0\u00bbdefault\u00a0\u00bb desktop_text_alignment=\u00a0\u00bbdefault\u00a0\u00bb tablet_text_alignment=\u00a0\u00bbdefault\u00a0\u00bb phone_text_alignment=\u00a0\u00bbdefault\u00a0\u00bb background_color_opacity=\u00a0\u00bb1&Prime; background_hover_color_opacity=\u00a0\u00bb1&Prime; column_backdrop_filter=\u00a0\u00bbnone\u00a0\u00bb column_shadow=\u00a0\u00bbnone\u00a0\u00bb column_border_radius=\u00a0\u00bbnone\u00a0\u00bb column_link_target=\u00a0\u00bb_self\u00a0\u00bb column_position=\u00a0\u00bbdefault\u00a0\u00bb gradient_direction=\u00a0\u00bbleft_to_right\u00a0\u00bb overlay_strength=\u00a0\u00bb0.3&Prime; width=\u00a0\u00bb1\/1&Prime; tablet_width_inherit=\u00a0\u00bbdefault\u00a0\u00bb animation_type=\u00a0\u00bbdefault\u00a0\u00bb bg_image_animation=\u00a0\u00bbnone\u00a0\u00bb border_type=\u00a0\u00bbsimple\u00a0\u00bb column_border_width=\u00a0\u00bbnone\u00a0\u00bb column_border_style=\u00a0\u00bbsolid\u00a0\u00bb][vc_column_text]\r\n<ul>\r\n<li>\u00ab Le \u2018pi\u00e8ge de la dette\u2019 chinoise ? Menus de restructuration et d\u00e9pendances financi\u00e8res au Sud \u00bb, <em>Critique internationale<\/em>, 111, 2026<\/li>\r\n<li>\u00ab <a href=\"https:\/\/drive.google.com\/file\/d\/15A1gf_zDGvgyqSDpFGWpbcJ-s54RWPGH\/view?usp=sharing\">Dans le clair-obscur des <em>leaks. <\/em>Luttes intestines et maintien de l\u2019ordre au Fonds mon\u00e9taire international durant la crise grecque<\/a> \u00bb, <em>Cultures &amp; Conflits<\/em>, 121 (1), 2026, p. 73-101.\u00a0<\/li>\r\n<li>\u00ab <a href=\"https:\/\/drive.google.com\/file\/d\/1Pn4Vwlcl2l7znsH3sYGXgmfNd--5J9iM\/view?usp=sharing\">Odious Debt in the 21st Century: From Despotic Regimes to Predatory Creditors<\/a> \u00bb, <em>Proceedings of the Paris Institute for Advanced Study<\/em>, 2025, vol. 21, p. 1-27<\/li>\r\n<li>\u00ab <a href=\"https:\/\/drive.google.com\/file\/d\/12HfBKU2kdhqFjDhnxjzgU_epTesxequW\/view?usp=drive_link\">Introduction : moment d\u2019effervescence dans l\u2019\u00e9conomie mondiale<\/a> \u00bb, avec Fr\u00e9d\u00e9ric Lebaron, <em>Savoir\/Agir<\/em>, 2021, 56, p. 5-10<\/li>\r\n<li>\u00ab <a href=\"https:\/\/drive.google.com\/file\/d\/12OcYI2y5kH4nCQc9uLX9qhZtdRY9d-DU\/view?usp=drive_link\">Bataille en vue autour de la dette europ\u00e9enne : le projet annulationniste face \u00e0 ses d\u00e9tracteurs<\/a> \u00bb, <em>Savoir\/Agir<\/em>, 2021, 56, p. 45-52<\/li>\r\n<li>\u00ab\u00a0<a href=\"https:\/\/drive.google.com\/file\/d\/12cN82T6Rehwkd0b48K4Fmb4oUknlshKq\/view?usp=drive_link\">Entretien avec Paul Jorion\u00a0:\u00a0Vers un changement de paradigme \u00e9conomique dans le contexte post-pand\u00e9mie\u00a0?<\/a>\u00a0\u00bb, avec Fr\u00e9d\u00e9ric Lebaron, <em>Savoir\/Agir<\/em>, 2021, 56, p. 63-70<\/li>\r\n<li>\u00ab <a href=\"https:\/\/drive.google.com\/file\/d\/12ain3KOOII3kNVESHOtZ_nDx2GIcVODP\/view?usp=sharing\">Passer par les marges : le potentiel heuristique des \u201cmarginalia\u201d pour l\u2019\u00e9tude de l\u2019action publique<\/a> \u00bb, <em>Sociologie du travail<\/em>, 2020, 62(1), pp. 1-21<\/li>\r\n<li>\u00ab <a href=\"https:\/\/drive.google.com\/file\/d\/12guS54QPzcWk3G268BiqqXbfPFCVZfqO\/view?usp=drive_link\">Fake science et ignorance strat\u00e9gique : retour sur les r\u00e9centes controverses autour de l\u2019aust\u00e9rit\u00e9 et du glyphosate<\/a> \u00bb, <em>\u00c9tudes de communication<\/em>, 2019, 53, pp. 85-102<\/li>\r\n<li>\u00ab\u00a0<a href=\"https:\/\/drive.google.com\/file\/d\/12lgfHScVul4Uh2MJMZlLM6tcJWPxl7Wb\/view?usp=drive_link\">Rhetorical Metrics: Building Securities Regulation in America\u2019s Era of Booms and Busts, 1890-1940<\/a>\u00a0\u00bb, <em>European Journal of Sociology<\/em>, 2019, 60(1), pp. 69-107<\/li>\r\n<li>\u00ab <a href=\"https:\/\/drive.google.com\/file\/d\/12XIj-AlZDPu5SFYjw8YUFaoFl1CmJ0ZE\/view?usp=drive_link\">Les proph\u00e8tes de la finance : contester et refaire l\u2019\u00e9poque<\/a> \u00bb, <em>Trac\u00e9s. Revue de Sciences Humaines<\/em>, 2019, 36 (1), pp. 59-79<\/li>\r\n<li>\u00ab\u00a0<a href=\"https:\/\/drive.google.com\/file\/d\/12iIr2b0oabiIB2lMKEW6yU8efgFugMH3\/view?usp=drive_link\">The IMF failure that wasn\u2019t: Risk ignorance during the European debt crisis<\/a>\u00a0\u00bb, <em>British Journal of Sociology<\/em>, 2018, 69(4), pp. 1031-1055<\/li>\r\n<li>\u00ab\u00a0<a href=\"https:\/\/drive.google.com\/file\/d\/12k7ZBY3FcBbpVTqE68kszGxu9_NPLY32\/view?usp=drive_link\">Rethinking Odious Debt<\/a> \u00bb, <em>Books &amp; Ideas<\/em>, 19 mars 2018<\/li>\r\n<li>\u00ab\u00a0<a href=\"https:\/\/drive.google.com\/file\/d\/12OT_EZmOASUS_9bKk-bAPQVVugKqvs53\/view?usp=drive_link\">Prize &amp; Price: The Turner Prize as a Valuation Device in the Contemporary Art Market<\/a>\u00a0\u00bb, avec Kangsan Lee,<em> Poetics<\/em>, 2014, 43, pp. 149-171<\/li>\r\n<li>\u00ab\u00a0<a href=\"https:\/\/drive.google.com\/file\/d\/12mzxjXshHx8L6HyjWAErQANG8lvvFJ0_\/view?usp=drive_link\">From Risk Models to Loan Contracts: Austerity as the Continuation of Calculation by Other Means<\/a>\u00a0\u00bb, avec Gr\u00e9goire Mallard,<em> Journal of Critical Globalisation Studies<\/em>, 2014, 7, pp. 4-47\r\n<p><\/p>\r\n<\/li>\r\n<\/ul>\r\n\r\n<p>&nbsp;<\/p>\r\n[\/vc_column_text][\/vc_column][\/vc_row]","protected":false},"excerpt":{"rendered":"<p>[vc_row type=\u00a0\u00bbin_container\u00a0\u00bb full_screen_row_position=\u00a0\u00bbmiddle\u00a0\u00bb column_margin=\u00a0\u00bbdefault\u00a0\u00bb column_direction=\u00a0\u00bbdefault\u00a0\u00bb column_direction_tablet=\u00a0\u00bbdefault\u00a0\u00bb column_direction_phone=\u00a0\u00bbdefault\u00a0\u00bb scene_position=\u00a0\u00bbcenter\u00a0\u00bb text_color=\u00a0\u00bbdark\u00a0\u00bb text_align=\u00a0\u00bbleft\u00a0\u00bb row_border_radius=\u00a0\u00bbnone\u00a0\u00bb row_border_radius_applies=\u00a0\u00bbbg\u00a0\u00bb overflow=\u00a0\u00bbvisible\u00a0\u00bb overlay_strength=\u00a0\u00bb0.3&Prime; gradient_direction=\u00a0\u00bbleft_to_right\u00a0\u00bb shape_divider_position=\u00a0\u00bbbottom\u00a0\u00bb bg_image_animation=\u00a0\u00bbnone\u00a0\u00bb][vc_column column_padding=\u00a0\u00bbno-extra-padding\u00a0\u00bb column_padding_tablet=\u00a0\u00bbinherit\u00a0\u00bb column_padding_phone=\u00a0\u00bbinherit\u00a0\u00bb column_padding_position=\u00a0\u00bball\u00a0\u00bb column_element_direction_desktop=\u00a0\u00bbdefault\u00a0\u00bb column_element_spacing=\u00a0\u00bbdefault\u00a0\u00bb desktop_text_alignment=\u00a0\u00bbdefault\u00a0\u00bb tablet_text_alignment=\u00a0\u00bbdefault\u00a0\u00bb phone_text_alignment=\u00a0\u00bbdefault\u00a0\u00bb background_color_opacity=\u00a0\u00bb1&Prime; background_hover_color_opacity=\u00a0\u00bb1&Prime; column_backdrop_filter=\u00a0\u00bbnone\u00a0\u00bb column_shadow=\u00a0\u00bbnone\u00a0\u00bb&#8230;<\/p>\n","protected":false},"author":1,"featured_media":0,"parent":0,"menu_order":0,"comment_status":"closed","ping_status":"closed","template":"","meta":{"_crdt_document":"","footnotes":""},"class_list":["post-10","page","type-page","status-publish"],"_links":{"self":[{"href":"https:\/\/www.penet-cnrs.fr\/index.php\/wp-json\/wp\/v2\/pages\/10","targetHints":{"allow":["GET"]}}],"collection":[{"href":"https:\/\/www.penet-cnrs.fr\/index.php\/wp-json\/wp\/v2\/pages"}],"about":[{"href":"https:\/\/www.penet-cnrs.fr\/index.php\/wp-json\/wp\/v2\/types\/page"}],"author":[{"embeddable":true,"href":"https:\/\/www.penet-cnrs.fr\/index.php\/wp-json\/wp\/v2\/users\/1"}],"replies":[{"embeddable":true,"href":"https:\/\/www.penet-cnrs.fr\/index.php\/wp-json\/wp\/v2\/comments?post=10"}],"version-history":[{"count":10,"href":"https:\/\/www.penet-cnrs.fr\/index.php\/wp-json\/wp\/v2\/pages\/10\/revisions"}],"predecessor-version":[{"id":151,"href":"https:\/\/www.penet-cnrs.fr\/index.php\/wp-json\/wp\/v2\/pages\/10\/revisions\/151"}],"wp:attachment":[{"href":"https:\/\/www.penet-cnrs.fr\/index.php\/wp-json\/wp\/v2\/media?parent=10"}],"curies":[{"name":"wp","href":"https:\/\/api.w.org\/{rel}","templated":true}]}}